{"id":46,"date":"2025-03-23T14:48:11","date_gmt":"2025-03-23T14:48:11","guid":{"rendered":"https:\/\/jamoniberico.pt\/?page_id=46"},"modified":"2025-07-24T11:16:08","modified_gmt":"2025-07-24T11:16:08","slug":"aviso-legal","status":"publish","type":"page","link":"https:\/\/mundo-iberico.com\/?page_id=46","title":{"rendered":"Aviso Legal"},"content":{"rendered":"\n<p><strong>Lee atentamente este aviso legal antes de utilizar ibericomio.es<\/strong> (en adelante, el Sitio).<br>El uso del Sitio se rige por las normas establecidas en este aviso legal. Utilizarlo implica que aceptas dichas normas. Al acceder al Sitio, aceptas sus condiciones de uso. La responsabilidad del uso del Sitio recae exclusivamente en el usuario.<\/p>\n\n\n\n<hr class=\"wp-block-separator has-alpha-channel-opacity\"\/>\n\n\n\n<h3 class=\"wp-block-heading\"><strong>Datos de identificaci\u00f3n<\/strong><\/h3>\n\n\n\n<p>En cumplimiento de lo dispuesto en la Ley 34\/2002, de 11 de julio, de servicios de la sociedad de la informaci\u00f3n y comercio electr\u00f3nico, se indican a continuaci\u00f3n los datos identificativos del titular del Sitio:<\/p>\n\n\n\n<ul class=\"wp-block-list\">\n<li><strong>Nombre de la empresa:<\/strong> IBERICOMIO S.L.<\/li>\n\n\n\n<li><strong>CIF:<\/strong> B01663442<\/li>\n\n\n\n<li><strong>Direcci\u00f3n:<\/strong> C\/ Francisco Barbieri, 4. 13600 Alc\u00e1zar de San Juan<\/li>\n\n\n\n<li><strong>Tel\u00e9fono:<\/strong> +34 926 653 810<\/li>\n\n\n\n<li><strong>Email:<\/strong> <a>locos@ibericomio.es<\/a><\/li>\n<\/ul>\n\n\n\n<hr class=\"wp-block-separator has-alpha-channel-opacity\"\/>\n\n\n\n<h3 class=\"wp-block-heading\"><strong>Condiciones del Sitio<\/strong><\/h3>\n\n\n\n<p>Los contenidos y servicios del Sitio son proporcionados por IBERICOMIO S.L.<\/p>\n\n\n\n<p>La utilizaci\u00f3n y navegaci\u00f3n en este Sitio implica la aceptaci\u00f3n y conocimiento de los avisos legales, condiciones y t\u00e9rminos de uso que contiene, en especial los recogidos en este Aviso Legal, la Pol\u00edtica de Protecci\u00f3n de Datos y Privacidad, as\u00ed como en todas las condiciones relativas a compra, pago, env\u00edo y devoluciones. IBERICOMIO S.L. se reserva el derecho de actualizar, modificar o eliminar la informaci\u00f3n contenida en el Sitio, pudiendo incluso limitar o denegar el acceso al mismo.<\/p>\n\n\n\n<hr class=\"wp-block-separator has-alpha-channel-opacity\"\/>\n\n\n\n<h3 class=\"wp-block-heading\"><strong>Derechos de propiedad intelectual e industrial<\/strong><\/h3>\n\n\n\n<p>Todos los contenidos del Sitio, tales como marcas, nombres comerciales, logotipos, im\u00e1genes, textos, dise\u00f1o, estructura de navegaci\u00f3n y cualquier otro elemento distintivo, pertenecen a IBERICOMIO S.L. o a terceros que han autorizado debidamente su inclusi\u00f3n en el Sitio.<\/p>\n\n\n\n<p>El acceso a dichos contenidos no otorga al usuario derecho alguno sobre los mismos, tales como modificaci\u00f3n, explotaci\u00f3n, reproducci\u00f3n, distribuci\u00f3n o comunicaci\u00f3n p\u00fablica. El usuario se compromete a no realizar ning\u00fan uso comercial, directo o indirecto, de los mismos.<br>Cualquier uso no autorizado dar\u00e1 derecho a IBERICOMIO S.L. a ejercer las acciones legales correspondientes conforme a la legislaci\u00f3n vigente.<\/p>\n\n\n\n<hr class=\"wp-block-separator has-alpha-channel-opacity\"\/>\n\n\n\n<h3 class=\"wp-block-heading\"><strong>Protecci\u00f3n de datos<\/strong><\/h3>\n\n\n\n<p>Por favor, consulta nuestra [Pol\u00edtica de Privacidad] para obtener informaci\u00f3n sobre el tratamiento de los datos recopilados a trav\u00e9s del Sitio.<\/p>\n\n\n\n<hr class=\"wp-block-separator has-alpha-channel-opacity\"\/>\n\n\n\n<h3 class=\"wp-block-heading\"><strong>Limitaci\u00f3n de responsabilidad<\/strong><\/h3>\n\n\n\n<p>En ning\u00fan caso IBERICOMIO S.L. ser\u00e1 responsable frente a terceros por da\u00f1os directos o indirectos, econ\u00f3micos o de otro tipo, derivados del uso del Sitio.<\/p>\n\n\n\n<p>IBERICOMIO S.L. no garantiza la ausencia de virus u otros componentes da\u00f1inos en el Sitio o en el servidor que lo aloja, ni se hace responsable de los da\u00f1os causados por terceros que vulneren las condiciones establecidas o los sistemas de seguridad.<\/p>\n\n\n\n<p>Declara haber adoptado todas las medidas necesarias, dentro de sus posibilidades y del estado de la tecnolog\u00eda, para garantizar el correcto funcionamiento del Sitio y evitar la transmisi\u00f3n de virus o componentes nocivos.<\/p>\n\n\n\n<p>IBERICOMIO S.L. no ser\u00e1 responsable de los contenidos enlazados (links) que permitan el acceso a productos o servicios ofrecidos por terceros ajenos a este Sitio. Tampoco se hace responsable de la legalidad, exactitud o utilidad de estos enlaces. Rogamos a los usuarios que nos informen si detectan enlaces que vulneren la ley, la moral o el orden p\u00fablico escribiendo a <strong><a>locos@ibericomio.es<\/a><\/strong>.<\/p>\n\n\n\n<p>Asimismo, no se garantiza la disponibilidad t\u00e9cnica, exactitud o legalidad de p\u00e1ginas de terceros accesibles desde enlaces externos. IBERICOMIO S.L. se reserva el derecho de tomar las medidas legales necesarias contra aquellos que usen el Sitio de forma indebida o da\u00f1en su imagen, exigiendo indemnizaci\u00f3n por los perjuicios ocasionados, incluyendo gastos legales.<\/p>\n\n\n\n<p>Este aviso legal aplica \u00fanicamente a la informaci\u00f3n recogida en el Sitio, no a contenidos de p\u00e1ginas de terceros.<\/p>\n\n\n\n<hr class=\"wp-block-separator has-alpha-channel-opacity\"\/>\n\n\n\n<h3 class=\"wp-block-heading\"><strong>Jurisdicci\u00f3n y legislaci\u00f3n aplicable<\/strong><\/h3>\n\n\n\n<p id=\"tw-target-text\">Las normas de uso contenidas en este Sitio se rigen por la legislaci\u00f3n espa\u00f1ola.<br>Tanto IBERICOMIO S.L. como el usuario, con renuncia expresa a cualquier otro fuero que pudiera corresponderles, se someten a la jurisdicci\u00f3n de los Juzgados y Tribunales de Alc\u00e1zar de San Juan para la resoluci\u00f3n de cualquier controversia.<\/p>\n\n\n\n<p><\/p>\n","protected":false},"excerpt":{"rendered":"<p>Lee atentamente este aviso legal antes de utilizar ibericomio.es (en adelante, el Sitio).El uso del Sitio se rige por las normas establecidas en este aviso legal. Utilizarlo implica que aceptas dichas normas. Al acceder al Sitio, aceptas sus condiciones de uso. La responsabilidad del uso del Sitio recae exclusivamente en el usuario. Datos de identificaci\u00f3n [&hellip;]<\/p>\n","protected":false},"author":1,"featured_media":0,"parent":0,"menu_order":0,"comment_status":"closed","ping_status":"closed","template":"","meta":{"footnotes":""},"class_list":["post-46","page","type-page","status-publish","hentry"],"_links":{"self":[{"href":"https:\/\/mundo-iberico.com\/index.php?rest_route=\/wp\/v2\/pages\/46","targetHints":{"allow":["GET"]}}],"collection":[{"href":"https:\/\/mundo-iberico.com\/index.php?rest_route=\/wp\/v2\/pages"}],"about":[{"href":"https:\/\/mundo-iberico.com\/index.php?rest_route=\/wp\/v2\/types\/page"}],"author":[{"embeddable":true,"href":"https:\/\/mundo-iberico.com\/index.php?rest_route=\/wp\/v2\/users\/1"}],"replies":[{"embeddable":true,"href":"https:\/\/mundo-iberico.com\/index.php?rest_route=%2Fwp%2Fv2%2Fcomments&post=46"}],"version-history":[{"count":3,"href":"https:\/\/mundo-iberico.com\/index.php?rest_route=\/wp\/v2\/pages\/46\/revisions"}],"predecessor-version":[{"id":73,"href":"https:\/\/mundo-iberico.com\/index.php?rest_route=\/wp\/v2\/pages\/46\/revisions\/73"}],"wp:attachment":[{"href":"https:\/\/mundo-iberico.com\/index.php?rest_route=%2Fwp%2Fv2%2Fmedia&parent=46"}],"curies":[{"name":"wp","href":"https:\/\/api.w.org\/{rel}","templated":true}]}}