{"id":52,"date":"2025-03-23T14:59:45","date_gmt":"2025-03-23T14:59:45","guid":{"rendered":"https:\/\/jamoniberico.pt\/?page_id=52"},"modified":"2025-03-23T14:59:45","modified_gmt":"2025-03-23T14:59:45","slug":"politica-de-privacidad","status":"publish","type":"page","link":"https:\/\/mundo-iberico.com\/?page_id=52","title":{"rendered":"Politica de Privacidad"},"content":{"rendered":"\n<p>Informa\u00e7\u00e3o de acordo com a legisla\u00e7\u00e3o sobre a prote\u00e7\u00e3o de dados pessoais<br>Na Europa e em Espanha existem regulamentos de prote\u00e7\u00e3o de dados para proteger os seus dados pessoais que s\u00e3o vinculativos para a nossa empresa.<br>Por este motivo, \u00e9 muito importante para n\u00f3s que compreenda perfeitamente o que fazemos com as informa\u00e7\u00f5es pessoais que lhe solicitamos.<br>Desta forma somos transparentes e damos-lhe controlo sobre os seus dados, com uma linguagem simples e op\u00e7\u00f5es claras que lhe permitem decidir o que fazer com os seus dados pessoais.<br>Se tiver alguma d\u00favida depois de ler estas informa\u00e7\u00f5es, n\u00e3o hesite em contactar-nos.<br>Obrigado pela sua colabora\u00e7\u00e3o.<\/p>\n\n\n\n<p><br><strong>Quem somos n\u00f3s?<br><\/strong>O nosso nome: IBERICOMIO S.L.<br>O nosso CIF\/NIF: B01663442<br>A nossa principal atividade: CORRETAGEM COMERCIAL<br>A nossa morada: FRANCISCO BARBIERI, 4 &#8211; CP 13600, ALCAZAR DE SAN JUAN (Ciudad Real)<br>O nosso telefone de contacto: 926 653 810<br>O nosso endere\u00e7o de e-mail de contacto: locos@ibericomio.es<br>O nosso site: ibericomio.es<br>Para sua confian\u00e7a e seguran\u00e7a, informamos que somos uma pessoa colectiva inscrita no Registo Comercial de Ciudad Real, Tomo 674, Livro 0, Folha 16, Sec\u00e7\u00e3o 8, Folha; CR31230, registo 1.<br>Estamos ao seu dispor, n\u00e3o hesite em contactar-nos.<\/p>\n\n\n\n<p><strong>Por que raz\u00e3o usaremos os seus dados?<br><\/strong>Geralmente, as suas informa\u00e7\u00f5es pessoais s\u00e3o utilizadas para comunicar consigo e prestar os nossos servi\u00e7os.<br>Tamb\u00e9m podem ser utilizados para outras atividades, como enviar an\u00fancios ou promover as nossas atividades.<br>Por que raz\u00e3o precisamos de usar os seus dados?<br>As suas informa\u00e7\u00f5es pessoais s\u00e3o necess\u00e1rias para interagir consigo e fornecer os nossos servi\u00e7os. Para o efeito, disponibilizamos-lhe caixas de sele\u00e7\u00e3o que lhe permitem decidir de forma clara e f\u00e1cil sobre a utiliza\u00e7\u00e3o dos seus dados pessoais.<br><\/p>\n\n\n\n<p><strong>Quem saber\u00e1 as informa\u00e7\u00f5es que lhe pedimos?<br><\/strong>Geralmente, apenas as pessoas autorizadas pela nossa empresa podem obter as informa\u00e7\u00f5es que lhe pedimos que forne\u00e7a.<br>Da mesma forma, algumas empresas poder\u00e3o ter acesso \u00e0s suas informa\u00e7\u00f5es pessoais, se necess\u00e1rio, para lhe prestar os nossos servi\u00e7os. Por exemplo, o nosso banco toma conhecimento dos seus dados se o pagamento dos nossos servi\u00e7os for efetuado por cart\u00e3o ou transfer\u00eancia banc\u00e1ria.<br>Al\u00e9m disso, alguns organismos p\u00fablicos ou privados para os quais somos obrigados a transferir os seus dados pessoais nos termos da legisla\u00e7\u00e3o aplic\u00e1vel poder\u00e3o tomar conhecimento disso. Por exemplo, a legisla\u00e7\u00e3o fiscal exige que forne\u00e7amos \u00e0 Ag\u00eancia Fiscal determinadas informa\u00e7\u00f5es sobre transa\u00e7\u00f5es econ\u00f3micas que excedam um determinado montante.Se partilharmos os seus dados pessoais com outras partes fora das situa\u00e7\u00f5es acima referidas, solicitaremos primeiro a sua autoriza\u00e7\u00e3o, fornecendo-lhe op\u00e7\u00f5es claras que lhe permitam decidir sobre o assunto.<br><\/p>\n\n\n\n<p><strong>Como protegemos os seus dados?<br><\/strong>Protegeremos os seus dados com medidas de seguran\u00e7a eficazes com base nos riscos associados \u00e0 utiliza\u00e7\u00e3o dos seus dados.<br>Para o efeito, a nossa empresa adota uma pol\u00edtica de prote\u00e7\u00e3o de dados e realiza controlos e auditorias anuais para garantir que os seus dados pessoais est\u00e3o sempre seguros.<br>Enviaremos os seus dados para outros pa\u00edses?<br>Existem pa\u00edses onde os seus dados est\u00e3o seguros e outros onde o est\u00e3o menos. Por exemplo, a Uni\u00e3o Europeia \u00e9 um ambiente seguro para os seus dados. A nossa pol\u00edtica \u00e9 n\u00e3o enviar as suas informa\u00e7\u00f5es pessoais para pa\u00edses que n\u00e3o sejam considerados seguros em termos de prote\u00e7\u00e3o de dados.<br>Se, no decurso da presta\u00e7\u00e3o do servi\u00e7o, for necess\u00e1ria a transfer\u00eancia dos seus dados para um pa\u00eds inseguro como Espanha, solicitaremos sempre a sua autoriza\u00e7\u00e3o pr\u00e9via e tomaremos medidas de seguran\u00e7a eficazes para reduzir os riscos associados \u00e0 transfer\u00eancia dos seus dados pessoais para outro pa\u00eds.<br>Durante quanto tempo conservaremos os seus dados?<br>Conservaremos as suas informa\u00e7\u00f5es durante todo o nosso relacionamento e durante o tempo que a lei exigir. Depois de expirados os prazos legais aplic\u00e1veis, iremos elimin\u00e1-los de forma segura e amiga do ambiente.<\/p>\n\n\n\n<p><strong>Que direitos de prote\u00e7\u00e3o de dados possui?<\/strong><br>Pode contactar-nos a qualquer momento para saber que informa\u00e7\u00f5es temos sobre si, para as corrigir se estiverem incorretas e para as eliminar ap\u00f3s o t\u00e9rmino do nosso relacionamento, na medida do legalmente poss\u00edvel.<br>Tem tamb\u00e9m o direito de solicitar que transfiramos as suas informa\u00e7\u00f5es para outra empresa. Este direito chama-se \u201cportabilidade\u201d e pode ser \u00fatil em determinadas situa\u00e7\u00f5es.<br>Para exercer qualquer um destes direitos dever\u00e1 enviar um pedido por escrito para a nossa morada e incluir uma fotoc\u00f3pia do seu documento de identifica\u00e7\u00e3o para que possa ser identificado.<br>Os formul\u00e1rios espec\u00edficos para o exerc\u00edcio destes direitos est\u00e3o dispon\u00edveis nos nossos escrit\u00f3rios e oferecemos a nossa assist\u00eancia no seu preenchimento.<br>Para mais informa\u00e7\u00f5es sobre os seus direitos de prote\u00e7\u00e3o de dados, visite o site da Ag\u00eancia Espanhola de Prote\u00e7\u00e3o de Dados (www.agpd.es).<br>Pode retirar o seu consentimento se mudar de ideias?<br>Pode retirar o seu consentimento a qualquer momento se mudar de ideias sobre como os seus dados s\u00e3o utilizados.<br>Por exemplo, se estava interessado em receber publicidade sobre os nossos produtos ou servi\u00e7os, mas n\u00e3o deseja continuar a receb\u00ea-los, pode informar-nos atrav\u00e9s do formul\u00e1rio de obje\u00e7\u00e3o ao processamento dispon\u00edvel nos nossos escrit\u00f3rios.<\/p>\n\n\n\n<p><br><strong>Se os seus direitos n\u00e3o forem respeitados, onde se pode queixar?<br><\/strong>Se acredita que os seus direitos foram violados pela nossa empresa, pode apresentar uma reclama\u00e7\u00e3o \u00e0 Ag\u00eancia Espanhola de Prote\u00e7\u00e3o de Dados atrav\u00e9s de uma das seguintes formas:<br>Site eletr\u00f3nico: www.agpd.es<br>Endere\u00e7o postal:<br>Autoridade Espanhola de Prote\u00e7\u00e3o de Dados<br>C\/Jorge Juan, 6<br>28001-Madrid<br>Por telefone:<br>Como. 901 100 099<br>Como. 91 266 35 17<br>A apresenta\u00e7\u00e3o de queixa junto da Ag\u00eancia Espanhola de Prote\u00e7\u00e3o de Dados \u00e9 gratuita e n\u00e3o \u00e9 necess\u00e1ria a contrata\u00e7\u00e3o de um advogado ou advogado.<\/p>\n\n\n\n<p><br><strong>Criaremos perfis sobre si?<br><\/strong>A nossa pol\u00edtica \u00e9 n\u00e3o criar perfis sobre utilizadores dos nossos Servi\u00e7os.<br>No entanto, poder\u00e3o existir situa\u00e7\u00f5es em que, para fornecer o Servi\u00e7o, seja para fins comerciais ou outros, necessitemos de criar perfis contendo informa\u00e7\u00f5es sobre si. Um exemplo ser\u00e1 utilizar o seu hist\u00f3rico de compras ou servi\u00e7os para oferecer produtos ou servi\u00e7os adaptados aos seus gostos ou necessidades.<br>Neste caso, tomaremos medidas de seguran\u00e7a eficazes para proteger sempre os seus dados de pessoas n\u00e3o autorizadas que possam tentar utiliz\u00e1-los em benef\u00edcio pr\u00f3prio.<br>Utilizaremos os seus dados para outros fins?<br>\u00c9 nossa pol\u00edtica n\u00e3o utilizar as suas informa\u00e7\u00f5es para quaisquer fins diferentes daqueles que lhe explic\u00e1mos. No entanto, se necessitarmos de utilizar os seus dados para diferentes atividades, solicitaremos sempre a sua autoriza\u00e7\u00e3o pr\u00e9via, fornecendo-lhe op\u00e7\u00f5es claras que lhe permitam decidir.<br>O utilizador pode, a qualquer momento, exercer os seus direitos de acesso, retifica\u00e7\u00e3o, elimina\u00e7\u00e3o e oposi\u00e7\u00e3o aos seus dados pessoais, bem como retirar o seu consentimento para receber comunica\u00e7\u00f5es eletr\u00f3nicas, contactando locos@ibericomio.es ou atrav\u00e9s do link de cancelamento contido em cada comunica\u00e7\u00e3o enviada.<\/p>\n\n\n\n<p><br><strong>O NOSSO COMPROMISSO COM A PROTE\u00c7\u00c3O DE DADOS PESSOAIS: \u201cPESSOAS INFORMADAS E DADOS PROTEGIDOS\u201d<br><\/strong>O \u00f3rg\u00e3o de governo\/gest\u00e3o da IBERICOMIO S.L. (doravante: o Respons\u00e1vel pelo Tratamento) assume a maior responsabilidade e empenho poss\u00edvel na defini\u00e7\u00e3o, implementa\u00e7\u00e3o e manuten\u00e7\u00e3o da presente Pol\u00edtica de Privacidade e na garantia da melhoria cont\u00ednua do Respons\u00e1vel pelo Tratamento com o objetivo de alcan\u00e7ar a excel\u00eancia no cumprimento do Regulamento (UE) 2016\/679 do Parlamento Europeu e do Conselho de 27 de abril de 2016 relativo \u00e0 prote\u00e7\u00e3o de dados pessoais. singulares no que respeita ao tratamento de dados pessoais e \u00e0 livre circula\u00e7\u00e3o desses dados e que revoga a Diretiva 95\/46\/CE (Regulamento Geral de Prote\u00e7\u00e3o de Dados) (DOUE L 119\/1, 04\/05\/2016), bem como a legisla\u00e7\u00e3o espanhola sobre a prote\u00e7\u00e3o de dados pessoais (lei org\u00e2nica, leis setoriais espec\u00edficas e regulamentos de desenvolvimento relacionados).<br>A pol\u00edtica de privacidade da IBERICOMIO S.L. assenta no princ\u00edpio da responsabilidade proativa, segundo o qual o respons\u00e1vel pelo tratamento \u00e9 respons\u00e1vel pelo cumprimento do quadro legal e jurisprudencial que rege a presente Diretiva e pode demonstr\u00e1-lo \u00e0s autoridades de supervis\u00e3o competentes.<br>Neste sentido, o Respons\u00e1vel pelo Tratamento cumprir\u00e1 os seguintes princ\u00edpios, que dever\u00e3o servir de guia e enquadramento para todos os seus colaboradores no tratamento de dados pessoais:<\/p>\n\n\n\n<p><br>Prote\u00e7\u00e3o de dados atrav\u00e9s de um projeto t\u00e9cnico: O titular tomar\u00e1 as medidas t\u00e9cnicas e organizacionais adequadas desde o momento da determina\u00e7\u00e3o dos meios de tratamento e no momento do pr\u00f3prio tratamento, tais como: B. Pseudonimiza\u00e7\u00e3o, que visa cumprir princ\u00edpios de prote\u00e7\u00e3o de dados como: b. minimiza\u00e7\u00e3o de dados, para ser aplicada de forma eficaz e integrar as garantias necess\u00e1rias no processamento.<br>Prote\u00e7\u00e3o de dados por defeito: O respons\u00e1vel pelo tratamento tomar\u00e1 as medidas t\u00e9cnicas e organizativas adequadas para garantir que, por defeito, apenas s\u00e3o tratados os dados pessoais necess\u00e1rios \u00e0 respetiva finalidade de tratamento.<br>Prote\u00e7\u00e3o dos dados ao longo de todo o ciclo de vida da informa\u00e7\u00e3o: As medidas que garantem a prote\u00e7\u00e3o dos dados pessoais s\u00e3o aplicadas ao longo de todo o ciclo de vida da informa\u00e7\u00e3o.<br>Legalidade, exatid\u00e3o e transpar\u00eancia: Os dados pessoais ser\u00e3o tratados de forma l\u00edcita, correta e transparente para com o interessado.<br>Limita\u00e7\u00e3o de finalidade: Os dados pessoais s\u00e3o recolhidos para finalidades determinadas, expl\u00edcitas e leg\u00edtimas e n\u00e3o s\u00e3o posteriormente tratados de forma incompat\u00edvel com essas finalidades.<\/p>\n\n\n\n<p><br>Minimiza\u00e7\u00e3o dos dados: Os dados pessoais devem ser adequados, relevantes e limitados ao necess\u00e1rio para as finalidades para as quais s\u00e3o tratados.<br>Precis\u00e3o: Os dados pessoais ser\u00e3o precisos e atualizados conforme necess\u00e1rio; Todas as medidas razo\u00e1veis \u200b\u200bser\u00e3o tomadas para garantir que os dados imprecisos s\u00e3o eliminados ou corrigidos imediatamente.<br>Limita\u00e7\u00e3o do per\u00edodo de conserva\u00e7\u00e3o: Os dados pessoais ser\u00e3o armazenados de forma a que a identifica\u00e7\u00e3o dos interessados \u200b\u200bn\u00e3o seja superior \u00e0 necess\u00e1ria para o tratamento dos dados pessoais.<br>Integridade e confidencialidade: Os dados pessoais ser\u00e3o tratados de forma a garantir a seguran\u00e7a adequada atrav\u00e9s da aplica\u00e7\u00e3o de medidas t\u00e9cnicas e organizativas adequadas, incluindo a prote\u00e7\u00e3o contra tratamentos n\u00e3o autorizados ou il\u00edcitos e contra perdas acidentais, destrui\u00e7\u00e3o acidental ou danos.<br>Informa\u00e7\u00e3o e forma\u00e7\u00e3o: Um dos elementos fundamentais para garantir a protec\u00e7\u00e3o dos dados pessoais \u00e9 a forma\u00e7\u00e3o e informa\u00e7\u00e3o do pessoal envolvido no tratamento. Todos os colaboradores com acesso aos dados s\u00e3o formados e informados sobre as suas obriga\u00e7\u00f5es de cumprimento das leis de prote\u00e7\u00e3o de dados durante todo o ciclo de vida da informa\u00e7\u00e3o.<br>A pol\u00edtica de privacidade da IBERICOMIO S.L. ser\u00e3o comunicados a todos os colaboradores do respons\u00e1vel pelo tratamento e disponibilizados a todos os interessados.<\/p>\n\n\n\n<p><br>Consequentemente, a presente Pol\u00edtica de Privacidade aplica-se a todos os colaboradores do Respons\u00e1vel pelo Tratamento que sejam obrigados a conhec\u00ea-la e aplic\u00e1-la e consider\u00e1-la adequada, sendo cada membro respons\u00e1vel pela aplica\u00e7\u00e3o e revis\u00e3o das regras de prote\u00e7\u00e3o de dados aplic\u00e1veis \u200b\u200b\u00e0 sua atividade e por identificar e contribuir para as melhorias que considere adequadas para alcan\u00e7ar um cumprimento de excel\u00eancia.<br>Esta pol\u00edtica \u00e9 aprovada pela administra\u00e7\u00e3o da IBERICOMIO S.L. revisto com a frequ\u00eancia necess\u00e1ria para o adaptar constantemente \u00e0 regulamenta\u00e7\u00e3o em vigor em mat\u00e9ria de prote\u00e7\u00e3o de dados pessoais.<\/p>\n","protected":false},"excerpt":{"rendered":"<p>Informa\u00e7\u00e3o de acordo com a legisla\u00e7\u00e3o sobre a prote\u00e7\u00e3o de dados pessoaisNa Europa e em Espanha existem regulamentos de prote\u00e7\u00e3o de dados para proteger os seus dados pessoais que s\u00e3o vinculativos para a nossa empresa.Por este motivo, \u00e9 muito importante para n\u00f3s que compreenda perfeitamente o que fazemos com as informa\u00e7\u00f5es pessoais que lhe solicitamos.Desta [&hellip;]<\/p>\n","protected":false},"author":1,"featured_media":0,"parent":0,"menu_order":0,"comment_status":"closed","ping_status":"closed","template":"","meta":{"footnotes":""},"class_list":["post-52","page","type-page","status-publish","hentry"],"_links":{"self":[{"href":"https:\/\/mundo-iberico.com\/index.php?rest_route=\/wp\/v2\/pages\/52","targetHints":{"allow":["GET"]}}],"collection":[{"href":"https:\/\/mundo-iberico.com\/index.php?rest_route=\/wp\/v2\/pages"}],"about":[{"href":"https:\/\/mundo-iberico.com\/index.php?rest_route=\/wp\/v2\/types\/page"}],"author":[{"embeddable":true,"href":"https:\/\/mundo-iberico.com\/index.php?rest_route=\/wp\/v2\/users\/1"}],"replies":[{"embeddable":true,"href":"https:\/\/mundo-iberico.com\/index.php?rest_route=%2Fwp%2Fv2%2Fcomments&post=52"}],"version-history":[{"count":2,"href":"https:\/\/mundo-iberico.com\/index.php?rest_route=\/wp\/v2\/pages\/52\/revisions"}],"predecessor-version":[{"id":74,"href":"https:\/\/mundo-iberico.com\/index.php?rest_route=\/wp\/v2\/pages\/52\/revisions\/74"}],"wp:attachment":[{"href":"https:\/\/mundo-iberico.com\/index.php?rest_route=%2Fwp%2Fv2%2Fmedia&parent=52"}],"curies":[{"name":"wp","href":"https:\/\/api.w.org\/{rel}","templated":true}]}}